{"id":102866,"date":"2025-09-02T19:05:33","date_gmt":"2025-09-03T01:05:33","guid":{"rendered":"https:\/\/www.econo-mart.com\/honduras\/producto\/kit-de-envases-stbx-3-lacteos-1-no-lacteo-1-soja\/"},"modified":"2025-09-02T19:05:33","modified_gmt":"2025-09-03T01:05:33","slug":"kit-de-envases-stbx-3-lacteos-1-no-lacteo-1-soja","status":"publish","type":"product","link":"https:\/\/www.econo-mart.com\/honduras\/producto\/kit-de-envases-stbx-3-lacteos-1-no-lacteo-1-soja\/","title":{"rendered":"Kit de envases STBX (3 l\u00e1cteos-1 no l\u00e1cteo-1 soja)"},"content":{"rendered":"<p>Kit de envases STBX (3 l\u00e1cteos-1 no l\u00e1cteo-1 soja)<\/p>\n","protected":false},"excerpt":{"rendered":"<p>Kit de envases STBX (3 l\u00e1cteos-1 no l\u00e1cteo-1 soja)<\/p>\n","protected":false},"featured_media":31,"comment_status":"open","ping_status":"closed","template":"","meta":[],"marca":[61],"product_brand":[],"product_cat":[32],"product_tag":[],"class_list":{"0":"post-102866","1":"product","2":"type-product","3":"status-publish","4":"has-post-thumbnail","6":"marca-vitamix","7":"product_cat-equipos-equipos","9":"first","10":"instock","11":"taxable","12":"shipping-taxable","13":"purchasable","14":"product-type-simple"},"acf":[],"yoast_head":"<!-- This site is optimized with the Yoast SEO plugin v25.8 - https:\/\/yoast.com\/wordpress\/plugins\/seo\/ -->\n<title>Kit de envases STBX (3 l\u00e1cteos-1 no l\u00e1cteo-1 soja) - ECONOMART - Honduras<\/title>\n<meta name=\"robots\" content=\"index, follow, max-snippet:-1, max-image-preview:large, max-video-preview:-1\" \/>\n<link rel=\"canonical\" href=\"https:\/\/www.econo-mart.com\/honduras\/producto\/kit-de-envases-stbx-3-lacteos-1-no-lacteo-1-soja\/\" \/>\n<meta property=\"og:locale\" content=\"es_ES\" \/>\n<meta property=\"og:type\" content=\"article\" \/>\n<meta property=\"og:title\" content=\"Kit de envases STBX (3 l\u00e1cteos-1 no l\u00e1cteo-1 soja) - ECONOMART - Honduras\" \/>\n<meta property=\"og:description\" content=\"Kit de envases STBX (3 l\u00e1cteos-1 no l\u00e1cteo-1 soja)\" \/>\n<meta property=\"og:url\" content=\"https:\/\/www.econo-mart.com\/honduras\/producto\/kit-de-envases-stbx-3-lacteos-1-no-lacteo-1-soja\/\" \/>\n<meta property=\"og:site_name\" content=\"ECONOMART - Honduras\" \/>\n<meta name=\"twitter:card\" content=\"summary_large_image\" \/>\n<script type=\"application\/ld+json\" class=\"yoast-schema-graph\">{\"@context\":\"https:\/\/schema.org\",\"@graph\":[{\"@type\":\"WebPage\",\"@id\":\"https:\/\/www.econo-mart.com\/honduras\/producto\/kit-de-envases-stbx-3-lacteos-1-no-lacteo-1-soja\/\",\"url\":\"https:\/\/www.econo-mart.com\/honduras\/producto\/kit-de-envases-stbx-3-lacteos-1-no-lacteo-1-soja\/\",\"name\":\"Kit de envases STBX (3 l\u00e1cteos-1 no l\u00e1cteo-1 soja) - ECONOMART - Honduras\",\"isPartOf\":{\"@id\":\"https:\/\/www.econo-mart.com\/honduras\/#website\"},\"primaryImageOfPage\":{\"@id\":\"https:\/\/www.econo-mart.com\/honduras\/producto\/kit-de-envases-stbx-3-lacteos-1-no-lacteo-1-soja\/#primaryimage\"},\"image\":{\"@id\":\"https:\/\/www.econo-mart.com\/honduras\/producto\/kit-de-envases-stbx-3-lacteos-1-no-lacteo-1-soja\/#primaryimage\"},\"thumbnailUrl\":\"https:\/\/www.econo-mart.com\/honduras\/wp-content\/uploads\/sites\/2\/woocommerce-placeholder.png\",\"datePublished\":\"2025-09-03T01:05:33+00:00\",\"breadcrumb\":{\"@id\":\"https:\/\/www.econo-mart.com\/honduras\/producto\/kit-de-envases-stbx-3-lacteos-1-no-lacteo-1-soja\/#breadcrumb\"},\"inLanguage\":\"es\",\"potentialAction\":[{\"@type\":\"ReadAction\",\"target\":[\"https:\/\/www.econo-mart.com\/honduras\/producto\/kit-de-envases-stbx-3-lacteos-1-no-lacteo-1-soja\/\"]}]},{\"@type\":\"ImageObject\",\"inLanguage\":\"es\",\"@id\":\"https:\/\/www.econo-mart.com\/honduras\/producto\/kit-de-envases-stbx-3-lacteos-1-no-lacteo-1-soja\/#primaryimage\",\"url\":\"https:\/\/www.econo-mart.com\/honduras\/wp-content\/uploads\/sites\/2\/woocommerce-placeholder.png\",\"contentUrl\":\"https:\/\/www.econo-mart.com\/honduras\/wp-content\/uploads\/sites\/2\/woocommerce-placeholder.png\",\"width\":1200,\"height\":1200},{\"@type\":\"BreadcrumbList\",\"@id\":\"https:\/\/www.econo-mart.com\/honduras\/producto\/kit-de-envases-stbx-3-lacteos-1-no-lacteo-1-soja\/#breadcrumb\",\"itemListElement\":[{\"@type\":\"ListItem\",\"position\":1,\"name\":\"Portada\",\"item\":\"https:\/\/www.econo-mart.com\/honduras\/\"},{\"@type\":\"ListItem\",\"position\":2,\"name\":\"Tienda\",\"item\":\"https:\/\/www.econo-mart.com\/honduras\/tienda\/\"},{\"@type\":\"ListItem\",\"position\":3,\"name\":\"Kit de envases STBX (3 l\u00e1cteos-1 no l\u00e1cteo-1 soja)\"}]},{\"@type\":\"WebSite\",\"@id\":\"https:\/\/www.econo-mart.com\/honduras\/#website\",\"url\":\"https:\/\/www.econo-mart.com\/honduras\/\",\"name\":\"ECONOMART - Honduras\",\"description\":\"Inversiones y Desarrollos Comerciales S.A. (INDECO S.A.)\",\"publisher\":{\"@id\":\"https:\/\/www.econo-mart.com\/honduras\/#organization\"},\"alternateName\":\"Economart\",\"potentialAction\":[{\"@type\":\"SearchAction\",\"target\":{\"@type\":\"EntryPoint\",\"urlTemplate\":\"https:\/\/www.econo-mart.com\/honduras\/?s={search_term_string}\"},\"query-input\":{\"@type\":\"PropertyValueSpecification\",\"valueRequired\":true,\"valueName\":\"search_term_string\"}}],\"inLanguage\":\"es\"},{\"@type\":\"Organization\",\"@id\":\"https:\/\/www.econo-mart.com\/honduras\/#organization\",\"name\":\"ECONOMART - Honduras\",\"url\":\"https:\/\/www.econo-mart.com\/honduras\/\",\"logo\":{\"@type\":\"ImageObject\",\"inLanguage\":\"es\",\"@id\":\"https:\/\/www.econo-mart.com\/honduras\/#\/schema\/logo\/image\/\",\"url\":\"https:\/\/www.econo-mart.com\/honduras\/wp-content\/uploads\/sites\/2\/2022\/05\/logo-economartt.png\",\"contentUrl\":\"https:\/\/www.econo-mart.com\/honduras\/wp-content\/uploads\/sites\/2\/2022\/05\/logo-economartt.png\",\"width\":1200,\"height\":300,\"caption\":\"ECONOMART - Honduras\"},\"image\":{\"@id\":\"https:\/\/www.econo-mart.com\/honduras\/#\/schema\/logo\/image\/\"}}]}<\/script>\n<!-- \/ Yoast SEO plugin. -->","yoast_head_json":{"title":"Kit de envases STBX (3 l\u00e1cteos-1 no l\u00e1cteo-1 soja) - ECONOMART - Honduras","robots":{"index":"index","follow":"follow","max-snippet":"max-snippet:-1","max-image-preview":"max-image-preview:large","max-video-preview":"max-video-preview:-1"},"canonical":"https:\/\/www.econo-mart.com\/honduras\/producto\/kit-de-envases-stbx-3-lacteos-1-no-lacteo-1-soja\/","og_locale":"es_ES","og_type":"article","og_title":"Kit de envases STBX (3 l\u00e1cteos-1 no l\u00e1cteo-1 soja) - ECONOMART - Honduras","og_description":"Kit de envases STBX (3 l\u00e1cteos-1 no l\u00e1cteo-1 soja)","og_url":"https:\/\/www.econo-mart.com\/honduras\/producto\/kit-de-envases-stbx-3-lacteos-1-no-lacteo-1-soja\/","og_site_name":"ECONOMART - Honduras","twitter_card":"summary_large_image","schema":{"@context":"https:\/\/schema.org","@graph":[{"@type":"WebPage","@id":"https:\/\/www.econo-mart.com\/honduras\/producto\/kit-de-envases-stbx-3-lacteos-1-no-lacteo-1-soja\/","url":"https:\/\/www.econo-mart.com\/honduras\/producto\/kit-de-envases-stbx-3-lacteos-1-no-lacteo-1-soja\/","name":"Kit de envases STBX (3 l\u00e1cteos-1 no l\u00e1cteo-1 soja) - ECONOMART - Honduras","isPartOf":{"@id":"https:\/\/www.econo-mart.com\/honduras\/#website"},"primaryImageOfPage":{"@id":"https:\/\/www.econo-mart.com\/honduras\/producto\/kit-de-envases-stbx-3-lacteos-1-no-lacteo-1-soja\/#primaryimage"},"image":{"@id":"https:\/\/www.econo-mart.com\/honduras\/producto\/kit-de-envases-stbx-3-lacteos-1-no-lacteo-1-soja\/#primaryimage"},"thumbnailUrl":"https:\/\/www.econo-mart.com\/honduras\/wp-content\/uploads\/sites\/2\/woocommerce-placeholder.png","datePublished":"2025-09-03T01:05:33+00:00","breadcrumb":{"@id":"https:\/\/www.econo-mart.com\/honduras\/producto\/kit-de-envases-stbx-3-lacteos-1-no-lacteo-1-soja\/#breadcrumb"},"inLanguage":"es","potentialAction":[{"@type":"ReadAction","target":["https:\/\/www.econo-mart.com\/honduras\/producto\/kit-de-envases-stbx-3-lacteos-1-no-lacteo-1-soja\/"]}]},{"@type":"ImageObject","inLanguage":"es","@id":"https:\/\/www.econo-mart.com\/honduras\/producto\/kit-de-envases-stbx-3-lacteos-1-no-lacteo-1-soja\/#primaryimage","url":"https:\/\/www.econo-mart.com\/honduras\/wp-content\/uploads\/sites\/2\/woocommerce-placeholder.png","contentUrl":"https:\/\/www.econo-mart.com\/honduras\/wp-content\/uploads\/sites\/2\/woocommerce-placeholder.png","width":1200,"height":1200},{"@type":"BreadcrumbList","@id":"https:\/\/www.econo-mart.com\/honduras\/producto\/kit-de-envases-stbx-3-lacteos-1-no-lacteo-1-soja\/#breadcrumb","itemListElement":[{"@type":"ListItem","position":1,"name":"Portada","item":"https:\/\/www.econo-mart.com\/honduras\/"},{"@type":"ListItem","position":2,"name":"Tienda","item":"https:\/\/www.econo-mart.com\/honduras\/tienda\/"},{"@type":"ListItem","position":3,"name":"Kit de envases STBX (3 l\u00e1cteos-1 no l\u00e1cteo-1 soja)"}]},{"@type":"WebSite","@id":"https:\/\/www.econo-mart.com\/honduras\/#website","url":"https:\/\/www.econo-mart.com\/honduras\/","name":"ECONOMART - Honduras","description":"Inversiones y Desarrollos Comerciales S.A. (INDECO S.A.)","publisher":{"@id":"https:\/\/www.econo-mart.com\/honduras\/#organization"},"alternateName":"Economart","potentialAction":[{"@type":"SearchAction","target":{"@type":"EntryPoint","urlTemplate":"https:\/\/www.econo-mart.com\/honduras\/?s={search_term_string}"},"query-input":{"@type":"PropertyValueSpecification","valueRequired":true,"valueName":"search_term_string"}}],"inLanguage":"es"},{"@type":"Organization","@id":"https:\/\/www.econo-mart.com\/honduras\/#organization","name":"ECONOMART - Honduras","url":"https:\/\/www.econo-mart.com\/honduras\/","logo":{"@type":"ImageObject","inLanguage":"es","@id":"https:\/\/www.econo-mart.com\/honduras\/#\/schema\/logo\/image\/","url":"https:\/\/www.econo-mart.com\/honduras\/wp-content\/uploads\/sites\/2\/2022\/05\/logo-economartt.png","contentUrl":"https:\/\/www.econo-mart.com\/honduras\/wp-content\/uploads\/sites\/2\/2022\/05\/logo-economartt.png","width":1200,"height":300,"caption":"ECONOMART - Honduras"},"image":{"@id":"https:\/\/www.econo-mart.com\/honduras\/#\/schema\/logo\/image\/"}}]}},"_links":{"self":[{"href":"https:\/\/www.econo-mart.com\/honduras\/wp-json\/wp\/v2\/product\/102866","targetHints":{"allow":["GET"]}}],"collection":[{"href":"https:\/\/www.econo-mart.com\/honduras\/wp-json\/wp\/v2\/product"}],"about":[{"href":"https:\/\/www.econo-mart.com\/honduras\/wp-json\/wp\/v2\/types\/product"}],"replies":[{"embeddable":true,"href":"https:\/\/www.econo-mart.com\/honduras\/wp-json\/wp\/v2\/comments?post=102866"}],"version-history":[{"count":0,"href":"https:\/\/www.econo-mart.com\/honduras\/wp-json\/wp\/v2\/product\/102866\/revisions"}],"wp:featuredmedia":[{"embeddable":true,"href":"https:\/\/www.econo-mart.com\/honduras\/wp-json\/wp\/v2\/media\/31"}],"wp:attachment":[{"href":"https:\/\/www.econo-mart.com\/honduras\/wp-json\/wp\/v2\/media?parent=102866"}],"wp:term":[{"taxonomy":"marca","embeddable":true,"href":"https:\/\/www.econo-mart.com\/honduras\/wp-json\/wp\/v2\/marca?post=102866"},{"taxonomy":"product_brand","embeddable":true,"href":"https:\/\/www.econo-mart.com\/honduras\/wp-json\/wp\/v2\/product_brand?post=102866"},{"taxonomy":"product_cat","embeddable":true,"href":"https:\/\/www.econo-mart.com\/honduras\/wp-json\/wp\/v2\/product_cat?post=102866"},{"taxonomy":"product_tag","embeddable":true,"href":"https:\/\/www.econo-mart.com\/honduras\/wp-json\/wp\/v2\/product_tag?post=102866"}],"curies":[{"name":"wp","href":"https:\/\/api.w.org\/{rel}","templated":true}]}}