{"id":93,"date":"2022-05-24T13:42:57","date_gmt":"2022-05-24T19:42:57","guid":{"rendered":"https:\/\/economart.tactic-center.com\/honduras\/?page_id=93"},"modified":"2024-05-06T09:55:21","modified_gmt":"2024-05-06T15:55:21","slug":"nosotros","status":"publish","type":"page","link":"https:\/\/www.econo-mart.com\/honduras\/nosotros\/","title":{"rendered":"Nosotros"},"content":{"rendered":"\t\t<div data-elementor-type=\"wp-page\" data-elementor-id=\"93\" class=\"elementor elementor-93\">\n\t\t\t\t\t\t<section class=\"elementor-section elementor-top-section elementor-element elementor-element-4f355f1 elementor-section-boxed elementor-section-height-default elementor-section-height-default\" data-id=\"4f355f1\" data-element_type=\"section\" data-settings=\"{&quot;background_background&quot;:&quot;classic&quot;}\">\n\t\t\t\t\t\t<div class=\"elementor-container elementor-column-gap-default\">\n\t\t\t\t\t<div class=\"elementor-column elementor-col-50 elementor-top-column elementor-element elementor-element-57aee0d1\" data-id=\"57aee0d1\" data-element_type=\"column\">\n\t\t\t<div class=\"elementor-widget-wrap elementor-element-populated\">\n\t\t\t\t\t\t<div class=\"elementor-element elementor-element-52b4775 elementor-widget elementor-widget-spacer\" data-id=\"52b4775\" data-element_type=\"widget\" data-widget_type=\"spacer.default\">\n\t\t\t\t<div class=\"elementor-widget-container\">\n\t\t\t\t\t\t\t<div class=\"elementor-spacer\">\n\t\t\t<div class=\"elementor-spacer-inner\"><\/div>\n\t\t<\/div>\n\t\t\t\t\t\t<\/div>\n\t\t\t\t<\/div>\n\t\t\t\t\t<\/div>\n\t\t<\/div>\n\t\t\t\t<div class=\"elementor-column elementor-col-50 elementor-top-column elementor-element elementor-element-5d0d92b3\" data-id=\"5d0d92b3\" data-element_type=\"column\" data-settings=\"{&quot;background_background&quot;:&quot;classic&quot;}\">\n\t\t\t<div class=\"elementor-widget-wrap\">\n\t\t\t\t\t\t\t<\/div>\n\t\t<\/div>\n\t\t\t\t\t<\/div>\n\t\t<\/section>\n\t\t\t\t<section class=\"elementor-section elementor-top-section elementor-element elementor-element-e38310 elementor-section-boxed elementor-section-height-default elementor-section-height-default\" data-id=\"e38310\" data-element_type=\"section\" id=\"quienes-somos\">\n\t\t\t\t\t\t<div class=\"elementor-container elementor-column-gap-default\">\n\t\t\t\t\t<div class=\"elementor-column elementor-col-50 elementor-top-column elementor-element elementor-element-62a8d67a animated-slow elementor-invisible\" data-id=\"62a8d67a\" data-element_type=\"column\" data-settings=\"{&quot;background_background&quot;:&quot;classic&quot;,&quot;animation&quot;:&quot;fadeInLeft&quot;}\">\n\t\t\t<div class=\"elementor-widget-wrap elementor-element-populated\">\n\t\t\t\t\t\t<div class=\"elementor-element elementor-element-c7ee067 elementor-widget elementor-widget-image\" data-id=\"c7ee067\" data-element_type=\"widget\" data-widget_type=\"image.default\">\n\t\t\t\t<div class=\"elementor-widget-container\">\n\t\t\t\t\t\t\t\t\t\t\t\t\t\t\t<img fetchpriority=\"high\" decoding=\"async\" width=\"2048\" height=\"1536\" src=\"https:\/\/www.econo-mart.com\/honduras\/wp-content\/uploads\/sites\/2\/2022\/05\/Expoapen-5.jpg\" class=\"attachment-full size-full wp-image-314\" alt=\"\" srcset=\"https:\/\/www.econo-mart.com\/honduras\/wp-content\/uploads\/sites\/2\/2022\/05\/Expoapen-5.jpg 2048w, https:\/\/www.econo-mart.com\/honduras\/wp-content\/uploads\/sites\/2\/2022\/05\/Expoapen-5-300x225.jpg 300w, https:\/\/www.econo-mart.com\/honduras\/wp-content\/uploads\/sites\/2\/2022\/05\/Expoapen-5-1024x768.jpg 1024w, https:\/\/www.econo-mart.com\/honduras\/wp-content\/uploads\/sites\/2\/2022\/05\/Expoapen-5-768x576.jpg 768w, https:\/\/www.econo-mart.com\/honduras\/wp-content\/uploads\/sites\/2\/2022\/05\/Expoapen-5-1536x1152.jpg 1536w\" sizes=\"(max-width: 2048px) 100vw, 2048px\" \/>\t\t\t\t\t\t\t\t\t\t\t\t\t\t\t<\/div>\n\t\t\t\t<\/div>\n\t\t\t\t\t<\/div>\n\t\t<\/div>\n\t\t\t\t<div class=\"elementor-column elementor-col-50 elementor-top-column elementor-element elementor-element-601628af animated-slow elementor-invisible\" data-id=\"601628af\" data-element_type=\"column\" data-settings=\"{&quot;animation&quot;:&quot;fadeInRight&quot;}\">\n\t\t\t<div class=\"elementor-widget-wrap elementor-element-populated\">\n\t\t\t\t\t\t<div class=\"elementor-element elementor-element-34722226 elementor-widget elementor-widget-heading\" data-id=\"34722226\" data-element_type=\"widget\" data-widget_type=\"heading.default\">\n\t\t\t\t<div class=\"elementor-widget-container\">\n\t\t\t\t\t<h2 class=\"elementor-heading-title elementor-size-default\">\u00bfQuienes Somos?<\/h2>\t\t\t\t<\/div>\n\t\t\t\t<\/div>\n\t\t\t\t<div class=\"elementor-element elementor-element-1a9a15f5 elementor-widget elementor-widget-text-editor\" data-id=\"1a9a15f5\" data-element_type=\"widget\" data-widget_type=\"text-editor.default\">\n\t\t\t\t<div class=\"elementor-widget-container\">\n\t\t\t\t\t\t\t\t\t<p>Economart cuenta con m\u00e1s de 25 a\u00f1os de experiencia desarrollando nuevos conceptos de la mano de nuestros clientes. Somos la empresa l\u00edder en distribuci\u00f3n de Equipos, Utensilios, Accesorios, Repuestos y Mobiliario para la Industria de Foodservice, Hoteler\u00eda y Lavander\u00eda.<\/p><p>\u00a0<\/p><p>Hemos establecido a trav\u00e9s del tiempo, relaciones s\u00f3lidas con m\u00e1s de 80 compa\u00f1\u00edas de clase mundial, para poder suministrar a nuestros clientes los recursos que mejor se ajustan a sus necesidades, ser los m\u00e1s competitivos y productivos. Nuestra fortaleza radica en la capacidad como especialistas, en asesorar a nuestros clientes basados en nuestra vasta experiencia y los productos de calidad que respaldan nuestra oferta.<\/p>\t\t\t\t\t\t\t\t<\/div>\n\t\t\t\t<\/div>\n\t\t\t\t\t<\/div>\n\t\t<\/div>\n\t\t\t\t\t<\/div>\n\t\t<\/section>\n\t\t\t\t<section class=\"elementor-section elementor-top-section elementor-element elementor-element-6b1fa03c d-none elementor-section-boxed elementor-section-height-default elementor-section-height-default\" data-id=\"6b1fa03c\" data-element_type=\"section\" data-settings=\"{&quot;background_background&quot;:&quot;classic&quot;}\">\n\t\t\t\t\t\t\t<div class=\"elementor-background-overlay\"><\/div>\n\t\t\t\t\t\t\t<div class=\"elementor-container elementor-column-gap-default\">\n\t\t\t\t\t<div class=\"elementor-column elementor-col-100 elementor-top-column elementor-element elementor-element-481ffabf animated-slow elementor-invisible\" data-id=\"481ffabf\" data-element_type=\"column\" data-settings=\"{&quot;animation&quot;:&quot;fadeInUp&quot;}\">\n\t\t\t<div class=\"elementor-widget-wrap elementor-element-populated\">\n\t\t\t\t\t\t<div class=\"elementor-element elementor-element-2d4321a0 elementor-widget elementor-widget-jkit_video_button\" data-id=\"2d4321a0\" data-element_type=\"widget\" data-widget_type=\"jkit_video_button.default\">\n\t\t\t\t<div class=\"elementor-widget-container\">\n\t\t\t\t\t<div  class=\"jeg-elementor-kit jkit-video-button jeg_module___69f17225528f8\"  data-autoplay=\"0\" data-loop=\"0\" data-controls=\"0\" data-type=\"youtube\" data-mute=\"0\" data-start=\"0\" data-end=\"0\"><a href=\"https:\/\/www.youtube.com\/watch?v=mE23Yfyvw8U\" class=\"jkit-video-popup-btn glow-enable\" aria-label=\"video-button\"><span class=\"icon-position-before\"><i aria-hidden=\"true\" class=\"jki jki-play-button-light\"><\/i><\/span><\/a><\/div>\t\t\t\t<\/div>\n\t\t\t\t<\/div>\n\t\t\t\t<div class=\"elementor-element elementor-element-4d6c46c elementor-widget elementor-widget-heading\" data-id=\"4d6c46c\" data-element_type=\"widget\" data-widget_type=\"heading.default\">\n\t\t\t\t<div class=\"elementor-widget-container\">\n\t\t\t\t\t<h2 class=\"elementor-heading-title elementor-size-default\">Grandes utensilios de cocina, para cualquier cocina.<\/h2>\t\t\t\t<\/div>\n\t\t\t\t<\/div>\n\t\t\t\t<div class=\"elementor-element elementor-element-7716c52 elementor-widget elementor-widget-spacer\" data-id=\"7716c52\" data-element_type=\"widget\" data-widget_type=\"spacer.default\">\n\t\t\t\t<div class=\"elementor-widget-container\">\n\t\t\t\t\t\t\t<div class=\"elementor-spacer\">\n\t\t\t<div class=\"elementor-spacer-inner\"><\/div>\n\t\t<\/div>\n\t\t\t\t\t\t<\/div>\n\t\t\t\t<\/div>\n\t\t\t\t\t<\/div>\n\t\t<\/div>\n\t\t\t\t\t<\/div>\n\t\t<\/section>\n\t\t\t\t<section class=\"elementor-section elementor-top-section elementor-element elementor-element-5a5f57a4 elementor-section-boxed elementor-section-height-default elementor-section-height-default\" data-id=\"5a5f57a4\" data-element_type=\"section\" id=\"vision\">\n\t\t\t\t\t\t<div class=\"elementor-container elementor-column-gap-default\">\n\t\t\t\t\t<div class=\"elementor-column elementor-col-50 elementor-top-column elementor-element elementor-element-5094fd60\" data-id=\"5094fd60\" data-element_type=\"column\">\n\t\t\t<div class=\"elementor-widget-wrap elementor-element-populated\">\n\t\t\t\t\t\t<div class=\"elementor-element elementor-element-6f89051d elementor-widget elementor-widget-heading\" data-id=\"6f89051d\" data-element_type=\"widget\" data-widget_type=\"heading.default\">\n\t\t\t\t<div class=\"elementor-widget-container\">\n\t\t\t\t\t<h2 class=\"elementor-heading-title elementor-size-default\">Visi\u00f3n<\/h2>\t\t\t\t<\/div>\n\t\t\t\t<\/div>\n\t\t\t\t<div class=\"elementor-element elementor-element-60af7454 elementor-widget elementor-widget-text-editor\" data-id=\"60af7454\" data-element_type=\"widget\" data-widget_type=\"text-editor.default\">\n\t\t\t\t<div class=\"elementor-widget-container\">\n\t\t\t\t\t\t\t\t\t<p>Liderar empresas responsables y comprometidas que aporten al desarrollo econ\u00f3mico del pa\u00eds, basados en nuestra experiencia y motivados por ideales de integridad, disciplina y solidaridad, pilares fundamentales que garantizan nuestro crecimiento, dinamismo, cohesi\u00f3n y solidez.<\/p>\t\t\t\t\t\t\t\t<\/div>\n\t\t\t\t<\/div>\n\t\t\t\t<div class=\"elementor-element elementor-element-c66834f elementor-widget elementor-widget-spacer\" data-id=\"c66834f\" data-element_type=\"widget\" data-widget_type=\"spacer.default\">\n\t\t\t\t<div class=\"elementor-widget-container\">\n\t\t\t\t\t\t\t<div class=\"elementor-spacer\">\n\t\t\t<div class=\"elementor-spacer-inner\"><\/div>\n\t\t<\/div>\n\t\t\t\t\t\t<\/div>\n\t\t\t\t<\/div>\n\t\t\t\t\t<\/div>\n\t\t<\/div>\n\t\t\t\t<div class=\"elementor-column elementor-col-50 elementor-top-column elementor-element elementor-element-640d7360\" data-id=\"640d7360\" data-element_type=\"column\" data-settings=\"{&quot;background_background&quot;:&quot;classic&quot;}\">\n\t\t\t<div class=\"elementor-widget-wrap elementor-element-populated\">\n\t\t\t\t\t\t<div class=\"elementor-element elementor-element-3ce9e14 elementor-widget elementor-widget-image\" data-id=\"3ce9e14\" data-element_type=\"widget\" data-widget_type=\"image.default\">\n\t\t\t\t<div class=\"elementor-widget-container\">\n\t\t\t\t\t\t\t\t\t\t\t\t\t\t\t<img decoding=\"async\" width=\"690\" height=\"620\" src=\"https:\/\/www.econo-mart.com\/honduras\/wp-content\/uploads\/sites\/2\/2024\/05\/nosotros-01.jpg\" class=\"attachment-full size-full wp-image-102540\" alt=\"\" srcset=\"https:\/\/www.econo-mart.com\/honduras\/wp-content\/uploads\/sites\/2\/2024\/05\/nosotros-01.jpg 690w, https:\/\/www.econo-mart.com\/honduras\/wp-content\/uploads\/sites\/2\/2024\/05\/nosotros-01-300x270.jpg 300w\" sizes=\"(max-width: 690px) 100vw, 690px\" \/>\t\t\t\t\t\t\t\t\t\t\t\t\t\t\t<\/div>\n\t\t\t\t<\/div>\n\t\t\t\t\t<\/div>\n\t\t<\/div>\n\t\t\t\t\t<\/div>\n\t\t<\/section>\n\t\t\t\t<section class=\"elementor-section elementor-top-section elementor-element elementor-element-49fdded section-col-inverse elementor-reverse-tablet elementor-reverse-mobile elementor-section-boxed elementor-section-height-default elementor-section-height-default\" data-id=\"49fdded\" data-element_type=\"section\" id=\"mision\">\n\t\t\t\t\t\t<div class=\"elementor-container elementor-column-gap-default\">\n\t\t\t\t\t<div class=\"elementor-column elementor-col-50 elementor-top-column elementor-element elementor-element-727195f\" data-id=\"727195f\" data-element_type=\"column\" data-settings=\"{&quot;background_background&quot;:&quot;classic&quot;}\">\n\t\t\t<div class=\"elementor-widget-wrap elementor-element-populated\">\n\t\t\t\t\t\t<div class=\"elementor-element elementor-element-ca763bd elementor-widget elementor-widget-image\" data-id=\"ca763bd\" data-element_type=\"widget\" data-widget_type=\"image.default\">\n\t\t\t\t<div class=\"elementor-widget-container\">\n\t\t\t\t\t\t\t\t\t\t\t\t\t\t\t<img decoding=\"async\" width=\"690\" height=\"620\" src=\"https:\/\/www.econo-mart.com\/honduras\/wp-content\/uploads\/sites\/2\/2024\/05\/nosotros-03.jpg\" class=\"attachment-full size-full wp-image-102539\" alt=\"\" srcset=\"https:\/\/www.econo-mart.com\/honduras\/wp-content\/uploads\/sites\/2\/2024\/05\/nosotros-03.jpg 690w, https:\/\/www.econo-mart.com\/honduras\/wp-content\/uploads\/sites\/2\/2024\/05\/nosotros-03-300x270.jpg 300w\" sizes=\"(max-width: 690px) 100vw, 690px\" \/>\t\t\t\t\t\t\t\t\t\t\t\t\t\t\t<\/div>\n\t\t\t\t<\/div>\n\t\t\t\t\t<\/div>\n\t\t<\/div>\n\t\t\t\t<div class=\"elementor-column elementor-col-50 elementor-top-column elementor-element elementor-element-556076d\" data-id=\"556076d\" data-element_type=\"column\">\n\t\t\t<div class=\"elementor-widget-wrap elementor-element-populated\">\n\t\t\t\t\t\t<div class=\"elementor-element elementor-element-544632f elementor-widget elementor-widget-heading\" data-id=\"544632f\" data-element_type=\"widget\" data-widget_type=\"heading.default\">\n\t\t\t\t<div class=\"elementor-widget-container\">\n\t\t\t\t\t<h2 class=\"elementor-heading-title elementor-size-default\">Valores<\/h2>\t\t\t\t<\/div>\n\t\t\t\t<\/div>\n\t\t\t\t<div class=\"elementor-element elementor-element-460fb1f elementor-widget elementor-widget-text-editor\" data-id=\"460fb1f\" data-element_type=\"widget\" data-widget_type=\"text-editor.default\">\n\t\t\t\t<div class=\"elementor-widget-container\">\n\t\t\t\t\t\t\t\t\t<ul><li aria-level=\"1\">Integridad en todo su actuar.<\/li><li aria-level=\"1\">Responsabilidad de crear valor para la familia y colaboradores.<\/li><li aria-level=\"1\">Respeto hacia los colaboradores, la sociedad en general y el medio ambiente.<\/li><li aria-level=\"1\">Productividad con nuestros servicios para nuestros clientes.<\/li><li aria-level=\"1\">Liderazgo positivo y comprometido con el crecimiento.<\/li><\/ul>\t\t\t\t\t\t\t\t<\/div>\n\t\t\t\t<\/div>\n\t\t\t\t<div class=\"elementor-element elementor-element-a3e538f elementor-hidden-tablet elementor-hidden-mobile elementor-widget elementor-widget-spacer\" data-id=\"a3e538f\" data-element_type=\"widget\" data-widget_type=\"spacer.default\">\n\t\t\t\t<div class=\"elementor-widget-container\">\n\t\t\t\t\t\t\t<div class=\"elementor-spacer\">\n\t\t\t<div class=\"elementor-spacer-inner\"><\/div>\n\t\t<\/div>\n\t\t\t\t\t\t<\/div>\n\t\t\t\t<\/div>\n\t\t\t\t\t<\/div>\n\t\t<\/div>\n\t\t\t\t\t<\/div>\n\t\t<\/section>\n\t\t\t\t<\/div>\n\t\t","protected":false},"excerpt":{"rendered":"<p>\u00bfQuienes Somos? Economart cuenta con m\u00e1s de 25 a\u00f1os de experiencia desarrollando nuevos conceptos de la mano de nuestros clientes. Somos la empresa l\u00edder en distribuci\u00f3n de Equipos, Utensilios, Accesorios, Repuestos y Mobiliario para la Industria de Foodservice, Hoteler\u00eda y Lavander\u00eda. \u00a0 Hemos establecido a trav\u00e9s del tiempo, relaciones s\u00f3lidas con m\u00e1s de 80 compa\u00f1\u00edas [&hellip;]<\/p>\n","protected":false},"author":1,"featured_media":0,"parent":0,"menu_order":0,"comment_status":"closed","ping_status":"closed","template":"elementor_header_footer","meta":{"footnotes":""},"class_list":["post-93","page","type-page","status-publish","hentry"],"acf":[],"yoast_head":"<!-- This site is optimized with the Yoast SEO plugin v25.8 - https:\/\/yoast.com\/wordpress\/plugins\/seo\/ -->\n<title>Nosotros - ECONOMART - Honduras<\/title>\n<meta name=\"robots\" content=\"index, follow, max-snippet:-1, max-image-preview:large, max-video-preview:-1\" \/>\n<link rel=\"canonical\" href=\"https:\/\/www.econo-mart.com\/honduras\/nosotros\/\" \/>\n<meta property=\"og:locale\" content=\"es_ES\" \/>\n<meta property=\"og:type\" content=\"article\" \/>\n<meta property=\"og:title\" content=\"Nosotros - ECONOMART - Honduras\" \/>\n<meta property=\"og:description\" content=\"\u00bfQuienes Somos? Economart cuenta con m\u00e1s de 25 a\u00f1os de experiencia desarrollando nuevos conceptos de la mano de nuestros clientes. Somos la empresa l\u00edder en distribuci\u00f3n de Equipos, Utensilios, Accesorios, Repuestos y Mobiliario para la Industria de Foodservice, Hoteler\u00eda y Lavander\u00eda. \u00a0 Hemos establecido a trav\u00e9s del tiempo, relaciones s\u00f3lidas con m\u00e1s de 80 compa\u00f1\u00edas [&hellip;]\" \/>\n<meta property=\"og:url\" content=\"https:\/\/www.econo-mart.com\/honduras\/nosotros\/\" \/>\n<meta property=\"og:site_name\" content=\"ECONOMART - Honduras\" \/>\n<meta property=\"article:modified_time\" content=\"2024-05-06T15:55:21+00:00\" \/>\n<meta property=\"og:image\" content=\"https:\/\/economart.tactic-center.com\/honduras\/wp-content\/uploads\/sites\/3\/2022\/05\/Expoapen-5.jpg\" \/>\n<meta name=\"twitter:card\" content=\"summary_large_image\" \/>\n<meta name=\"twitter:label1\" content=\"Tiempo de lectura\" \/>\n\t<meta name=\"twitter:data1\" content=\"1 minuto\" \/>\n<script type=\"application\/ld+json\" class=\"yoast-schema-graph\">{\"@context\":\"https:\/\/schema.org\",\"@graph\":[{\"@type\":\"WebPage\",\"@id\":\"https:\/\/www.econo-mart.com\/honduras\/nosotros\/\",\"url\":\"https:\/\/www.econo-mart.com\/honduras\/nosotros\/\",\"name\":\"Nosotros - ECONOMART - Honduras\",\"isPartOf\":{\"@id\":\"https:\/\/www.econo-mart.com\/honduras\/#website\"},\"primaryImageOfPage\":{\"@id\":\"https:\/\/www.econo-mart.com\/honduras\/nosotros\/#primaryimage\"},\"image\":{\"@id\":\"https:\/\/www.econo-mart.com\/honduras\/nosotros\/#primaryimage\"},\"thumbnailUrl\":\"https:\/\/economart.tactic-center.com\/honduras\/wp-content\/uploads\/sites\/3\/2022\/05\/Expoapen-5.jpg\",\"datePublished\":\"2022-05-24T19:42:57+00:00\",\"dateModified\":\"2024-05-06T15:55:21+00:00\",\"breadcrumb\":{\"@id\":\"https:\/\/www.econo-mart.com\/honduras\/nosotros\/#breadcrumb\"},\"inLanguage\":\"es\",\"potentialAction\":[{\"@type\":\"ReadAction\",\"target\":[\"https:\/\/www.econo-mart.com\/honduras\/nosotros\/\"]}]},{\"@type\":\"ImageObject\",\"inLanguage\":\"es\",\"@id\":\"https:\/\/www.econo-mart.com\/honduras\/nosotros\/#primaryimage\",\"url\":\"https:\/\/economart.tactic-center.com\/honduras\/wp-content\/uploads\/sites\/3\/2022\/05\/Expoapen-5.jpg\",\"contentUrl\":\"https:\/\/economart.tactic-center.com\/honduras\/wp-content\/uploads\/sites\/3\/2022\/05\/Expoapen-5.jpg\"},{\"@type\":\"BreadcrumbList\",\"@id\":\"https:\/\/www.econo-mart.com\/honduras\/nosotros\/#breadcrumb\",\"itemListElement\":[{\"@type\":\"ListItem\",\"position\":1,\"name\":\"Portada\",\"item\":\"https:\/\/www.econo-mart.com\/honduras\/\"},{\"@type\":\"ListItem\",\"position\":2,\"name\":\"Nosotros\"}]},{\"@type\":\"WebSite\",\"@id\":\"https:\/\/www.econo-mart.com\/honduras\/#website\",\"url\":\"https:\/\/www.econo-mart.com\/honduras\/\",\"name\":\"ECONOMART - Honduras\",\"description\":\"Inversiones y Desarrollos Comerciales S.A. (INDECO S.A.)\",\"publisher\":{\"@id\":\"https:\/\/www.econo-mart.com\/honduras\/#organization\"},\"alternateName\":\"Economart\",\"potentialAction\":[{\"@type\":\"SearchAction\",\"target\":{\"@type\":\"EntryPoint\",\"urlTemplate\":\"https:\/\/www.econo-mart.com\/honduras\/?s={search_term_string}\"},\"query-input\":{\"@type\":\"PropertyValueSpecification\",\"valueRequired\":true,\"valueName\":\"search_term_string\"}}],\"inLanguage\":\"es\"},{\"@type\":\"Organization\",\"@id\":\"https:\/\/www.econo-mart.com\/honduras\/#organization\",\"name\":\"ECONOMART - Honduras\",\"url\":\"https:\/\/www.econo-mart.com\/honduras\/\",\"logo\":{\"@type\":\"ImageObject\",\"inLanguage\":\"es\",\"@id\":\"https:\/\/www.econo-mart.com\/honduras\/#\/schema\/logo\/image\/\",\"url\":\"https:\/\/www.econo-mart.com\/honduras\/wp-content\/uploads\/sites\/2\/2022\/05\/logo-economartt.png\",\"contentUrl\":\"https:\/\/www.econo-mart.com\/honduras\/wp-content\/uploads\/sites\/2\/2022\/05\/logo-economartt.png\",\"width\":1200,\"height\":300,\"caption\":\"ECONOMART - Honduras\"},\"image\":{\"@id\":\"https:\/\/www.econo-mart.com\/honduras\/#\/schema\/logo\/image\/\"}}]}<\/script>\n<!-- \/ Yoast SEO plugin. -->","yoast_head_json":{"title":"Nosotros - ECONOMART - Honduras","robots":{"index":"index","follow":"follow","max-snippet":"max-snippet:-1","max-image-preview":"max-image-preview:large","max-video-preview":"max-video-preview:-1"},"canonical":"https:\/\/www.econo-mart.com\/honduras\/nosotros\/","og_locale":"es_ES","og_type":"article","og_title":"Nosotros - ECONOMART - Honduras","og_description":"\u00bfQuienes Somos? Economart cuenta con m\u00e1s de 25 a\u00f1os de experiencia desarrollando nuevos conceptos de la mano de nuestros clientes. Somos la empresa l\u00edder en distribuci\u00f3n de Equipos, Utensilios, Accesorios, Repuestos y Mobiliario para la Industria de Foodservice, Hoteler\u00eda y Lavander\u00eda. \u00a0 Hemos establecido a trav\u00e9s del tiempo, relaciones s\u00f3lidas con m\u00e1s de 80 compa\u00f1\u00edas [&hellip;]","og_url":"https:\/\/www.econo-mart.com\/honduras\/nosotros\/","og_site_name":"ECONOMART - Honduras","article_modified_time":"2024-05-06T15:55:21+00:00","og_image":[{"url":"https:\/\/economart.tactic-center.com\/honduras\/wp-content\/uploads\/sites\/3\/2022\/05\/Expoapen-5.jpg","type":"","width":"","height":""}],"twitter_card":"summary_large_image","twitter_misc":{"Tiempo de lectura":"1 minuto"},"schema":{"@context":"https:\/\/schema.org","@graph":[{"@type":"WebPage","@id":"https:\/\/www.econo-mart.com\/honduras\/nosotros\/","url":"https:\/\/www.econo-mart.com\/honduras\/nosotros\/","name":"Nosotros - ECONOMART - Honduras","isPartOf":{"@id":"https:\/\/www.econo-mart.com\/honduras\/#website"},"primaryImageOfPage":{"@id":"https:\/\/www.econo-mart.com\/honduras\/nosotros\/#primaryimage"},"image":{"@id":"https:\/\/www.econo-mart.com\/honduras\/nosotros\/#primaryimage"},"thumbnailUrl":"https:\/\/economart.tactic-center.com\/honduras\/wp-content\/uploads\/sites\/3\/2022\/05\/Expoapen-5.jpg","datePublished":"2022-05-24T19:42:57+00:00","dateModified":"2024-05-06T15:55:21+00:00","breadcrumb":{"@id":"https:\/\/www.econo-mart.com\/honduras\/nosotros\/#breadcrumb"},"inLanguage":"es","potentialAction":[{"@type":"ReadAction","target":["https:\/\/www.econo-mart.com\/honduras\/nosotros\/"]}]},{"@type":"ImageObject","inLanguage":"es","@id":"https:\/\/www.econo-mart.com\/honduras\/nosotros\/#primaryimage","url":"https:\/\/economart.tactic-center.com\/honduras\/wp-content\/uploads\/sites\/3\/2022\/05\/Expoapen-5.jpg","contentUrl":"https:\/\/economart.tactic-center.com\/honduras\/wp-content\/uploads\/sites\/3\/2022\/05\/Expoapen-5.jpg"},{"@type":"BreadcrumbList","@id":"https:\/\/www.econo-mart.com\/honduras\/nosotros\/#breadcrumb","itemListElement":[{"@type":"ListItem","position":1,"name":"Portada","item":"https:\/\/www.econo-mart.com\/honduras\/"},{"@type":"ListItem","position":2,"name":"Nosotros"}]},{"@type":"WebSite","@id":"https:\/\/www.econo-mart.com\/honduras\/#website","url":"https:\/\/www.econo-mart.com\/honduras\/","name":"ECONOMART - Honduras","description":"Inversiones y Desarrollos Comerciales S.A. (INDECO S.A.)","publisher":{"@id":"https:\/\/www.econo-mart.com\/honduras\/#organization"},"alternateName":"Economart","potentialAction":[{"@type":"SearchAction","target":{"@type":"EntryPoint","urlTemplate":"https:\/\/www.econo-mart.com\/honduras\/?s={search_term_string}"},"query-input":{"@type":"PropertyValueSpecification","valueRequired":true,"valueName":"search_term_string"}}],"inLanguage":"es"},{"@type":"Organization","@id":"https:\/\/www.econo-mart.com\/honduras\/#organization","name":"ECONOMART - Honduras","url":"https:\/\/www.econo-mart.com\/honduras\/","logo":{"@type":"ImageObject","inLanguage":"es","@id":"https:\/\/www.econo-mart.com\/honduras\/#\/schema\/logo\/image\/","url":"https:\/\/www.econo-mart.com\/honduras\/wp-content\/uploads\/sites\/2\/2022\/05\/logo-economartt.png","contentUrl":"https:\/\/www.econo-mart.com\/honduras\/wp-content\/uploads\/sites\/2\/2022\/05\/logo-economartt.png","width":1200,"height":300,"caption":"ECONOMART - Honduras"},"image":{"@id":"https:\/\/www.econo-mart.com\/honduras\/#\/schema\/logo\/image\/"}}]}},"_links":{"self":[{"href":"https:\/\/www.econo-mart.com\/honduras\/wp-json\/wp\/v2\/pages\/93","targetHints":{"allow":["GET"]}}],"collection":[{"href":"https:\/\/www.econo-mart.com\/honduras\/wp-json\/wp\/v2\/pages"}],"about":[{"href":"https:\/\/www.econo-mart.com\/honduras\/wp-json\/wp\/v2\/types\/page"}],"author":[{"embeddable":true,"href":"https:\/\/www.econo-mart.com\/honduras\/wp-json\/wp\/v2\/users\/1"}],"replies":[{"embeddable":true,"href":"https:\/\/www.econo-mart.com\/honduras\/wp-json\/wp\/v2\/comments?post=93"}],"version-history":[{"count":94,"href":"https:\/\/www.econo-mart.com\/honduras\/wp-json\/wp\/v2\/pages\/93\/revisions"}],"predecessor-version":[{"id":102543,"href":"https:\/\/www.econo-mart.com\/honduras\/wp-json\/wp\/v2\/pages\/93\/revisions\/102543"}],"wp:attachment":[{"href":"https:\/\/www.econo-mart.com\/honduras\/wp-json\/wp\/v2\/media?parent=93"}],"curies":[{"name":"wp","href":"https:\/\/api.w.org\/{rel}","templated":true}]}}